{"id":350,"date":"2021-12-21T08:03:57","date_gmt":"2021-12-21T07:03:57","guid":{"rendered":"http:\/\/foodmultimedia.de.w01be7de.kasserver.com\/f2m\/"},"modified":"2024-09-10T14:38:39","modified_gmt":"2024-09-10T12:38:39","slug":"f2m","status":"publish","type":"page","link":"https:\/\/foodmultimedia.de\/de\/","title":{"rendered":"f2m"},"content":{"rendered":"\t\t<div data-elementor-type=\"wp-page\" data-elementor-id=\"350\" class=\"elementor elementor-350 elementor-24\" data-elementor-post-type=\"page\">\n\t\t\t\t\t\t<section class=\"elementor-section elementor-top-section elementor-element elementor-element-52a7b82 elementor-section-boxed elementor-section-height-default elementor-section-height-default\" data-id=\"52a7b82\" data-element_type=\"section\" data-e-type=\"section\">\r\n\t\t\t\t\t\t<div class=\"elementor-container elementor-column-gap-thegem\"><div class=\"elementor-row\">\r\n\t\t\t\t\t<div class=\"elementor-column elementor-col-100 elementor-top-column elementor-element elementor-element-fd7a7a7\" data-id=\"fd7a7a7\" data-element_type=\"column\" data-e-type=\"column\">\n\t\t\t<div class=\"elementor-widget-wrap elementor-element-populated\">\n\t\t\t\t\t\t<section class=\"elementor-section elementor-inner-section elementor-element elementor-element-9f3f32d elementor-section-boxed elementor-section-height-default elementor-section-height-default\" data-id=\"9f3f32d\" data-element_type=\"section\" data-e-type=\"section\">\r\n\t\t\t\t\t\t<div class=\"elementor-container elementor-column-gap-thegem\"><div class=\"elementor-row\">\r\n\t\t\t\t\t<div class=\"elementor-column elementor-col-33 elementor-inner-column elementor-element elementor-element-e8268a6\" data-id=\"e8268a6\" data-element_type=\"column\" data-e-type=\"column\">\n\t\t\t<div class=\"elementor-widget-wrap elementor-element-populated\">\n\t\t\t\t\t\t<div class=\"elementor-element elementor-element-d3b2973 flex-horizontal-align-default flex-horizontal-align-tablet-default flex-horizontal-align-mobile-default flex-vertical-align-default flex-vertical-align-tablet-default flex-vertical-align-mobile-default elementor-widget elementor-widget-image\" data-id=\"d3b2973\" data-element_type=\"widget\" data-e-type=\"widget\" data-widget_type=\"image.default\">\n\t\t\t\t<div class=\"elementor-widget-container\">\n\t\t\t\t\t\t\t\t\t\t\t\t\t\t\t\t<a href=\"https:\/\/foodmultimedia.de\/de\/brotbackwaren\/\">\n\t\t\t\t\t\t\t<img width=\"736\" height=\"694\" src=\"https:\/\/foodmultimedia.de\/wp-content\/uploads\/bub-category-magazines2024.jpg\" class=\"attachment-large size-large wp-image-767\" alt=\"f2m, The magazine brot+backwaren is precisely tailored to the needs of industry practitioners\" srcset=\"https:\/\/foodmultimedia.de\/wp-content\/uploads\/bub-category-magazines2024.jpg 736w, https:\/\/foodmultimedia.de\/wp-content\/uploads\/bub-category-magazines2024-300x283.jpg 300w\" sizes=\"(max-width: 736px) 100vw, 736px\" \/>\t\t\t\t\t\t\t\t<\/a>\n\t\t\t\t\t\t\t\t\t\t\t\t\t\t\t<\/div>\n\t\t\t\t<\/div>\n\t\t\t\t\t<\/div>\n\t\t<\/div>\n\t\t\t\t<div class=\"elementor-column elementor-col-33 elementor-inner-column elementor-element elementor-element-0821d8a\" data-id=\"0821d8a\" data-element_type=\"column\" data-e-type=\"column\">\n\t\t\t<div class=\"elementor-widget-wrap elementor-element-populated\">\n\t\t\t\t\t\t<div class=\"elementor-element elementor-element-6bb7507 flex-horizontal-align-default flex-horizontal-align-tablet-default flex-horizontal-align-mobile-default flex-vertical-align-default flex-vertical-align-tablet-default flex-vertical-align-mobile-default elementor-widget elementor-widget-image\" data-id=\"6bb7507\" data-element_type=\"widget\" data-e-type=\"widget\" data-widget_type=\"image.default\">\n\t\t\t\t<div class=\"elementor-widget-container\">\n\t\t\t\t\t\t\t\t\t\t\t\t\t\t\t\t<a href=\"https:\/\/foodmultimedia.de\/de\/bakingbiscuit-international\/\">\n\t\t\t\t\t\t\t<img width=\"736\" height=\"694\" src=\"https:\/\/foodmultimedia.de\/wp-content\/uploads\/bbi-category-magazines2024.jpg\" class=\"attachment-large size-large wp-image-765\" alt=\"baking+biscuit international\n\nA bi-monthly trade journal\" srcset=\"https:\/\/foodmultimedia.de\/wp-content\/uploads\/bbi-category-magazines2024.jpg 736w, https:\/\/foodmultimedia.de\/wp-content\/uploads\/bbi-category-magazines2024-300x283.jpg 300w\" sizes=\"(max-width: 736px) 100vw, 736px\" \/>\t\t\t\t\t\t\t\t<\/a>\n\t\t\t\t\t\t\t\t\t\t\t\t\t\t\t<\/div>\n\t\t\t\t<\/div>\n\t\t\t\t\t<\/div>\n\t\t<\/div>\n\t\t\t\t<div class=\"elementor-column elementor-col-33 elementor-inner-column elementor-element elementor-element-49be325\" data-id=\"49be325\" data-element_type=\"column\" data-e-type=\"column\">\n\t\t\t<div class=\"elementor-widget-wrap elementor-element-populated\">\n\t\t\t\t\t\t<div class=\"elementor-element elementor-element-729db78 flex-horizontal-align-default flex-horizontal-align-tablet-default flex-horizontal-align-mobile-default flex-vertical-align-default flex-vertical-align-tablet-default flex-vertical-align-mobile-default elementor-widget elementor-widget-image\" data-id=\"729db78\" data-element_type=\"widget\" data-e-type=\"widget\" data-widget_type=\"image.default\">\n\t\t\t\t<div class=\"elementor-widget-container\">\n\t\t\t\t\t\t\t\t\t\t\t\t\t\t\t\t<a href=\"https:\/\/foodmultimedia.de\/de\/buecher\/\">\n\t\t\t\t\t\t\t<img width=\"736\" height=\"694\" src=\"https:\/\/foodmultimedia.de\/wp-content\/uploads\/bbi-category-books2024.jpg\" class=\"attachment-large size-large wp-image-763\" alt=\"f2m Review Series\" srcset=\"https:\/\/foodmultimedia.de\/wp-content\/uploads\/bbi-category-books2024.jpg 736w, https:\/\/foodmultimedia.de\/wp-content\/uploads\/bbi-category-books2024-300x283.jpg 300w\" sizes=\"(max-width: 736px) 100vw, 736px\" \/>\t\t\t\t\t\t\t\t<\/a>\n\t\t\t\t\t\t\t\t\t\t\t\t\t\t\t<\/div>\n\t\t\t\t<\/div>\n\t\t\t\t\t<\/div>\n\t\t<\/div>\n\t\t\t\t\t<\/div><\/div>\r\n\t\t<\/section>\r\n\t\t\t\t\t<\/div>\n\t\t<\/div>\n\t\t\t\t\t<\/div><\/div>\r\n\t\t<\/section>\r\n\t\t\t\t<section class=\"elementor-section elementor-top-section elementor-element elementor-element-3ca41c9 elementor-section-boxed elementor-section-height-default elementor-section-height-default\" data-id=\"3ca41c9\" data-element_type=\"section\" data-e-type=\"section\">\r\n\t\t\t\t\t\t<div class=\"elementor-container elementor-column-gap-thegem\"><div class=\"elementor-row\">\r\n\t\t\t\t\t<div class=\"elementor-column elementor-col-100 elementor-top-column elementor-element elementor-element-47cd7b7\" data-id=\"47cd7b7\" data-element_type=\"column\" data-e-type=\"column\">\n\t\t\t<div class=\"elementor-widget-wrap elementor-element-populated\">\n\t\t\t\t\t\t<section class=\"elementor-section elementor-inner-section elementor-element elementor-element-bdf9325 elementor-section-boxed elementor-section-height-default elementor-section-height-default\" data-id=\"bdf9325\" data-element_type=\"section\" data-e-type=\"section\">\r\n\t\t\t\t\t\t<div class=\"elementor-container elementor-column-gap-thegem\"><div class=\"elementor-row\">\r\n\t\t\t\t\t<div class=\"elementor-column elementor-col-25 elementor-inner-column elementor-element elementor-element-3aa0a73\" data-id=\"3aa0a73\" data-element_type=\"column\" data-e-type=\"column\">\n\t\t\t<div class=\"elementor-widget-wrap\">\n\t\t\t\t\t\t\t<\/div>\n\t\t<\/div>\n\t\t\t\t<div class=\"elementor-column elementor-col-25 elementor-inner-column elementor-element elementor-element-971ee6e\" data-id=\"971ee6e\" data-element_type=\"column\" data-e-type=\"column\">\n\t\t\t<div class=\"elementor-widget-wrap elementor-element-populated\">\n\t\t\t\t\t\t<div class=\"elementor-element elementor-element-ca4d5ad flex-horizontal-align-default flex-horizontal-align-tablet-default flex-horizontal-align-mobile-default flex-vertical-align-default flex-vertical-align-tablet-default flex-vertical-align-mobile-default elementor-widget elementor-widget-image\" data-id=\"ca4d5ad\" data-element_type=\"widget\" data-e-type=\"widget\" data-widget_type=\"image.default\">\n\t\t\t\t<div class=\"elementor-widget-container\">\n\t\t\t\t\t\t\t\t\t\t\t\t\t\t\t\t<a href=\"http:\/\/foodmultimedia.de\/backspiegel\/\">\n\t\t\t\t\t\t\t<img width=\"1024\" height=\"248\" src=\"https:\/\/foodmultimedia.de\/wp-content\/uploads\/f2m-backspiegel-logo-1024x248.png\" class=\"attachment-large size-large wp-image-283\" alt=\"\" srcset=\"https:\/\/foodmultimedia.de\/wp-content\/uploads\/f2m-backspiegel-logo-1024x248.png 1024w, https:\/\/foodmultimedia.de\/wp-content\/uploads\/f2m-backspiegel-logo-300x73.png 300w, https:\/\/foodmultimedia.de\/wp-content\/uploads\/f2m-backspiegel-logo-768x186.png 768w, https:\/\/foodmultimedia.de\/wp-content\/uploads\/f2m-backspiegel-logo-1536x372.png 1536w, https:\/\/foodmultimedia.de\/wp-content\/uploads\/f2m-backspiegel-logo-2048x495.png 2048w\" sizes=\"(max-width: 1024px) 100vw, 1024px\" \/>\t\t\t\t\t\t\t\t<\/a>\n\t\t\t\t\t\t\t\t\t\t\t\t\t\t\t<\/div>\n\t\t\t\t<\/div>\n\t\t\t\t\t<\/div>\n\t\t<\/div>\n\t\t\t\t<div class=\"elementor-column elementor-col-25 elementor-inner-column elementor-element elementor-element-ad00f23\" data-id=\"ad00f23\" data-element_type=\"column\" data-e-type=\"column\">\n\t\t\t<div class=\"elementor-widget-wrap elementor-element-populated\">\n\t\t\t\t\t\t<div class=\"elementor-element elementor-element-b8ebc0f flex-horizontal-align-default flex-horizontal-align-tablet-default flex-horizontal-align-mobile-default flex-vertical-align-default flex-vertical-align-tablet-default flex-vertical-align-mobile-default elementor-widget elementor-widget-image\" data-id=\"b8ebc0f\" data-element_type=\"widget\" data-e-type=\"widget\" data-widget_type=\"image.default\">\n\t\t\t\t<div class=\"elementor-widget-container\">\n\t\t\t\t\t\t\t\t\t\t\t\t\t\t\t\t<a href=\"http:\/\/foodmultimedia.de\/bakerymirror\/\">\n\t\t\t\t\t\t\t<img width=\"692\" height=\"158\" src=\"https:\/\/foodmultimedia.de\/wp-content\/uploads\/f2m-bakerymirror-logo.png\" class=\"attachment-large size-large wp-image-284\" alt=\"\" srcset=\"https:\/\/foodmultimedia.de\/wp-content\/uploads\/f2m-bakerymirror-logo.png 692w, https:\/\/foodmultimedia.de\/wp-content\/uploads\/f2m-bakerymirror-logo-300x68.png 300w\" sizes=\"(max-width: 692px) 100vw, 692px\" \/>\t\t\t\t\t\t\t\t<\/a>\n\t\t\t\t\t\t\t\t\t\t\t\t\t\t\t<\/div>\n\t\t\t\t<\/div>\n\t\t\t\t\t<\/div>\n\t\t<\/div>\n\t\t\t\t<div class=\"elementor-column elementor-col-25 elementor-inner-column elementor-element elementor-element-b0a3963\" data-id=\"b0a3963\" data-element_type=\"column\" data-e-type=\"column\">\n\t\t\t<div class=\"elementor-widget-wrap\">\n\t\t\t\t\t\t\t<\/div>\n\t\t<\/div>\n\t\t\t\t\t<\/div><\/div>\r\n\t\t<\/section>\r\n\t\t\t\t\t<\/div>\n\t\t<\/div>\n\t\t\t\t\t<\/div><\/div>\r\n\t\t<\/section>\r\n\t\t\t\t<section class=\"elementor-section elementor-top-section elementor-element elementor-element-1bc19e7 elementor-section-boxed elementor-section-height-default elementor-section-height-default\" data-id=\"1bc19e7\" data-element_type=\"section\" data-e-type=\"section\">\r\n\t\t\t\t\t\t<div class=\"elementor-container elementor-column-gap-thegem\"><div class=\"elementor-row\">\r\n\t\t\t\t\t<div class=\"elementor-column elementor-col-100 elementor-top-column elementor-element elementor-element-cd295c6\" data-id=\"cd295c6\" data-element_type=\"column\" data-e-type=\"column\">\n\t\t\t<div class=\"elementor-widget-wrap elementor-element-populated\">\n\t\t\t\t\t\t<section class=\"elementor-section elementor-inner-section elementor-element elementor-element-ed2bb9a elementor-section-boxed elementor-section-height-default elementor-section-height-default\" data-id=\"ed2bb9a\" data-element_type=\"section\" data-e-type=\"section\">\r\n\t\t\t\t\t\t<div class=\"elementor-container elementor-column-gap-thegem\"><div class=\"elementor-row\">\r\n\t\t\t\t\t<div class=\"elementor-column elementor-col-100 elementor-inner-column elementor-element elementor-element-e74aa89\" data-id=\"e74aa89\" data-element_type=\"column\" data-e-type=\"column\">\n\t\t\t<div class=\"elementor-widget-wrap elementor-element-populated\">\n\t\t\t\t\t\t<div class=\"elementor-element elementor-element-88390c3 flex-horizontal-align-default flex-horizontal-align-tablet-default flex-horizontal-align-mobile-default flex-vertical-align-default flex-vertical-align-tablet-default flex-vertical-align-mobile-default elementor-widget elementor-widget-text-editor\" data-id=\"88390c3\" data-element_type=\"widget\" data-e-type=\"widget\" data-widget_type=\"text-editor.default\">\n\t\t\t\t<div class=\"elementor-widget-container\">\n\t\t\t\t\t\t\t\t\t\t\t\t<div class=\"elementor-text-editor elementor-clearfix\">\r\n\t\t\t\t\t\t<p><span style=\"vertical-align: inherit;\"><span style=\"vertical-align: inherit;\">Food2Multimedia GmbH <\/span><\/span><span style=\"font-size: 12.0pt; line-height: 107%; font-family: 'Calibri',sans-serif; mso-ascii-theme-font: minor-latin; mso-fareast-font-family: Calibri; mso-fareast-theme-font: minor-latin; mso-hansi-theme-font: minor-latin; mso-bidi-font-family: 'Times New Roman'; mso-bidi-theme-font: minor-bidi; mso-ansi-language: DE; mso-fareast-language: EN-US; mso-bidi-language: AR-SA;\"><span style=\"vertical-align: inherit;\"><span style=\"vertical-align: inherit;\">(f2m)\u00a0<\/span><\/span><\/span><span style=\"vertical-align: inherit;\"><span style=\"vertical-align: inherit;\"> ist ein international t\u00e4tiger <\/span><\/span> <strong><span style=\"vertical-align: inherit;\"><span style=\"vertical-align: inherit;\">Fachverlag <\/span><\/span><\/strong>\u00a0<span style=\"font-size: 12.0pt; line-height: 107%; font-family: 'Calibri',sans-serif; mso-ascii-theme-font: minor-latin; mso-fareast-font-family: Calibri; mso-fareast-theme-font: minor-latin; mso-hansi-theme-font: minor-latin; mso-bidi-font-family: 'Times New Roman'; mso-bidi-theme-font: minor-bidi; mso-ansi-language: DE; mso-fareast-language: EN-US; mso-bidi-language: AR-SA;\"><span style=\"vertical-align: inherit;\"><span style=\"vertical-align: inherit;\">mit <\/span><\/span><\/span><span style=\"font-size: 12.0pt; line-height: 107%; font-family: 'Calibri',sans-serif; mso-ascii-theme-font: minor-latin; mso-fareast-font-family: Calibri; mso-fareast-theme-font: minor-latin; mso-hansi-theme-font: minor-latin; mso-bidi-font-family: 'Times New Roman'; mso-bidi-theme-font: minor-bidi; mso-ansi-language: DE; mso-fareast-language: EN-US; mso-bidi-language: AR-SA;\"><span style=\"vertical-align: inherit;\"><span style=\"vertical-align: inherit;\">Sitz in Deutschland, der sich auf die Recherche und Analyse von Informationen f\u00fcr Menschen <\/span><\/span><span style=\"vertical-align: inherit;\"><span style=\"vertical-align: inherit;\">aus der <\/span><\/span><b><span style=\"vertical-align: inherit;\"><span style=\"vertical-align: inherit;\">Backbranche<\/span><\/span><\/b><span style=\"vertical-align: inherit;\"><span style=\"vertical-align: inherit;\"> spezialisiert hat. <\/span> <span style=\"vertical-align: inherit;\">Wir bieten diese Informationen in deutscher und englischer Sprache an, sowohl gedruckt<\/span><\/span> <span style=\"vertical-align: inherit;\"><span style=\"vertical-align: inherit;\">als auch digital.<\/span><\/span><\/span><\/p><p><span style=\"font-size: 12.0pt; line-height: 107%;\"><span style=\"vertical-align: inherit;\"><span style=\"vertical-align: inherit;\">Unser Verlagsprogramm setzt sich zusammen aus Fachzeitschriften, Newsdiensten und B\u00fcchern.<\/span><\/span><\/span><\/p><p><b style=\"mso-bidi-font-weight: normal;\"><span style=\"font-size: 12.0pt; line-height: 107%; mso-bidi-font-family: Calibri; mso-bidi-theme-font: minor-latin;\"><span style=\"vertical-align: inherit;\"><span style=\"vertical-align: inherit;\">Unsere Fachzeitschriften (Print-Magazine und <\/span><\/span><span style=\"background: white;\"><span style=\"vertical-align: inherit;\"><span style=\"vertical-align: inherit;\">digitale E-Paper)<\/span><\/span><\/span><\/span><\/b><span style=\"font-size: 12.0pt; line-height: 107%;\"><br \/><span style=\"vertical-align: inherit;\"><span style=\"vertical-align: inherit;\"> \u00b7 brot+backwaren \u2013 6 Ausgaben im Jahr, in Deutsch <\/span><\/span><br \/><span style=\"vertical-align: inherit;\"><span style=\"vertical-align: inherit;\">\u00b7 baking+biscuit international \u2013 6 Ausgaben im Jahr, in Englisch <\/span><\/span><\/span><span style=\"font-size: 12.0pt; line-height: 107%;\"><br \/><\/span><\/p><p><b style=\"mso-bidi-font-weight: normal;\"><span style=\"font-size: 12.0pt; line-height: 107%;\"><span style=\"vertical-align: inherit;\"><span style=\"vertical-align: inherit;\">Unsere Newsletter<\/span><\/span><\/span><\/b><span style=\"font-size: 12.0pt; line-height: 107%;\"><br \/><span style=\"vertical-align: inherit;\"><span style=\"vertical-align: inherit;\"> \u00b7 Backspiegel \u2013 w\u00f6chentlich, in Deutsch <\/span><\/span><br \/><span style=\"vertical-align: inherit;\"><span style=\"vertical-align: inherit;\">\u00b7 Bakerymirror \u2013 zweimal im Monat, in Englisch (*NEU)<\/span><\/span><\/span><\/p><p><b style=\"mso-bidi-font-weight: normal;\"><span style=\"font-size: 12.0pt; line-height: 107%;\"><span style=\"vertical-align: inherit;\"><span style=\"vertical-align: inherit;\">Unsere B\u00fccher<\/span><\/span><\/span><\/b><span style=\"vertical-align: inherit;\"><span style=\"font-size: 12.0pt; line-height: 107%;\"><span style=\"vertical-align: inherit;\">\u00a0<\/span><\/span><\/span><\/p><p><span style=\"vertical-align: inherit;\"><span style=\"font-size: 12.0pt; line-height: 107%;\"><span style=\"vertical-align: inherit;\">unsere Reviews <\/span><\/span> <span style=\"font-size: 12pt; line-height: 107%;\"><span style=\"vertical-align: inherit;\">erscheinen\u00a0<\/span><\/span><\/span><span style=\"font-size: 12.0pt; line-height: 107%;\"><span style=\"vertical-align: inherit;\"><span style=\"vertical-align: inherit;\">Einmal j\u00e4hrlich die sich mit speziellen Aspekten der B\u00e4ckereitechnik, des europ\u00e4ischen Backwarenmarktes oder weiteren Themen befassen.<\/span><\/span><\/span><\/p><p><b style=\"mso-bidi-font-weight: normal;\"><span style=\"font-size: 12.0pt; line-height: 107%;\"><span style=\"vertical-align: inherit;\"><span style=\"vertical-align: inherit;\">Demn\u00e4chst<\/span><\/span><\/span><\/b><span lang=\"EN-US\" style=\"font-size: 12.0pt; line-height: 107%; mso-ansi-language: EN-US;\"><br \/><span style=\"vertical-align: inherit;\"><span style=\"vertical-align: inherit;\">\u00b7 Social media \u2013 LinkedIn, blogs (coming soon)<\/span><\/span><\/span><\/p><p align=\"left\"><style>@font-face<br \/>\t{font-family:\"Cambria Math\";<br \/>\tpanose-1:2 4 5 3 5 4 6 3 2 4;<br \/>\tmso-font-charset:0;<br \/>\tmso-generic-font-family:roman;<br \/>\tmso-font-pitch:variable;<br \/>\tmso-font-signature:3 0 0 0 1 0;}@font-face<br \/>\t{font-family:Calibri;<br \/>\tpanose-1:2 15 5 2 2 2 4 3 2 4;<br \/>\tmso-font-charset:0;<br \/>\tmso-generic-font-family:swiss;<br \/>\tmso-font-pitch:variable;<br \/>\tmso-font-signature:-469750017 -1073732485 9 0 511 0;}p.MsoNormal, li.MsoNormal, div.MsoNormal<br \/>\t{mso-style-unhide:no;<br \/>\tmso-style-qformat:yes;<br \/>\tmso-style-parent:\"\";<br \/>\tmargin-top:0cm;<br \/>\tmargin-right:0cm;<br \/>\tmargin-bottom:8.0pt;<br \/>\tmargin-left:0cm;<br \/>\tline-height:107%;<br \/>\tmso-pagination:widow-orphan;<br \/>\tfont-size:11.0pt;<br \/>\tfont-family:\"Calibri\",sans-serif;<br \/>\tmso-ascii-font-family:Calibri;<br \/>\tmso-ascii-theme-font:minor-latin;<br \/>\tmso-fareast-font-family:Calibri;<br \/>\tmso-fareast-theme-font:minor-latin;<br \/>\tmso-hansi-font-family:Calibri;<br \/>\tmso-hansi-theme-font:minor-latin;<br \/>\tmso-bidi-font-family:\"Times New Roman\";<br \/>\tmso-bidi-theme-font:minor-bidi;<br \/>\tmso-fareast-language:EN-US;}.MsoChpDefault<br \/>\t{mso-style-type:export-only;<br \/>\tmso-default-props:yes;<br \/>\tfont-size:11.0pt;<br \/>\tmso-ansi-font-size:11.0pt;<br \/>\tmso-bidi-font-size:11.0pt;<br \/>\tfont-family:\"Calibri\",sans-serif;<br \/>\tmso-ascii-font-family:Calibri;<br \/>\tmso-ascii-theme-font:minor-latin;<br \/>\tmso-fareast-font-family:Calibri;<br \/>\tmso-fareast-theme-font:minor-latin;<br \/>\tmso-hansi-font-family:Calibri;<br \/>\tmso-hansi-theme-font:minor-latin;<br \/>\tmso-bidi-font-family:\"Times New Roman\";<br \/>\tmso-bidi-theme-font:minor-bidi;<br \/>\tmso-fareast-language:EN-US;}.MsoPapDefault<br \/>\t{mso-style-type:export-only;<br \/>\tmargin-bottom:8.0pt;<br \/>\tline-height:107%;}div.WordSection1<br \/>\t{page:WordSection1;}<\/style><\/p><p align=\"left\">\u00a0<\/p>\t\t\t\t\t\t\t<\/div>\r\n\t\t\t\t\t\t\t\t\t\t<\/div>\n\t\t\t\t<\/div>\n\t\t\t\t\t<\/div>\n\t\t<\/div>\n\t\t\t\t\t<\/div><\/div>\r\n\t\t<\/section>\r\n\t\t\t\t\t<\/div>\n\t\t<\/div>\n\t\t\t\t\t<\/div><\/div>\r\n\t\t<\/section>\r\n\t\t\t\t<section class=\"elementor-section elementor-top-section elementor-element elementor-element-5bd336e elementor-section-boxed elementor-section-height-default elementor-section-height-default\" data-id=\"5bd336e\" data-element_type=\"section\" data-e-type=\"section\">\r\n\t\t\t\t\t\t<div class=\"elementor-container elementor-column-gap-thegem\"><div class=\"elementor-row\">\r\n\t\t\t\t\t<div class=\"elementor-column elementor-col-100 elementor-top-column elementor-element elementor-element-fcad81a\" data-id=\"fcad81a\" data-element_type=\"column\" data-e-type=\"column\">\n\t\t\t<div class=\"elementor-widget-wrap elementor-element-populated\">\n\t\t\t\t\t\t<div class=\"elementor-element elementor-element-261c498 flex-horizontal-align-default flex-horizontal-align-tablet-default flex-horizontal-align-mobile-default flex-vertical-align-default flex-vertical-align-tablet-default flex-vertical-align-mobile-default elementor-widget elementor-widget-spacer\" data-id=\"261c498\" data-element_type=\"widget\" data-e-type=\"widget\" data-widget_type=\"spacer.default\">\n\t\t\t\t<div class=\"elementor-widget-container\">\n\t\t\t\t\t\t\t<div class=\"elementor-spacer\">\n\t\t\t<div class=\"elementor-spacer-inner\"><\/div>\n\t\t<\/div>\n\t\t\t\t\t\t<\/div>\n\t\t\t\t<\/div>\n\t\t\t\t\t<\/div>\n\t\t<\/div>\n\t\t\t\t\t<\/div><\/div>\r\n\t\t<\/section>\r\n\t\t\t\t<\/div>\n\t\t","protected":false},"excerpt":{"rendered":"<p>Food2Multimedia GmbH (f2m)\u00a0 ist ein international t\u00e4tiger Fachverlag \u00a0mit Sitz in Deutschland, der sich auf die Recherche und Analyse von&#8230;<\/p>\n","protected":false},"author":2,"featured_media":0,"parent":0,"menu_order":0,"comment_status":"closed","ping_status":"closed","template":"page-fullwidth.php","meta":{"footnotes":""},"class_list":["post-350","page","type-page","status-publish"],"_links":{"self":[{"href":"https:\/\/foodmultimedia.de\/de\/wp-json\/wp\/v2\/pages\/350","targetHints":{"allow":["GET"]}}],"collection":[{"href":"https:\/\/foodmultimedia.de\/de\/wp-json\/wp\/v2\/pages"}],"about":[{"href":"https:\/\/foodmultimedia.de\/de\/wp-json\/wp\/v2\/types\/page"}],"author":[{"embeddable":true,"href":"https:\/\/foodmultimedia.de\/de\/wp-json\/wp\/v2\/users\/2"}],"replies":[{"embeddable":true,"href":"https:\/\/foodmultimedia.de\/de\/wp-json\/wp\/v2\/comments?post=350"}],"version-history":[{"count":6,"href":"https:\/\/foodmultimedia.de\/de\/wp-json\/wp\/v2\/pages\/350\/revisions"}],"predecessor-version":[{"id":805,"href":"https:\/\/foodmultimedia.de\/de\/wp-json\/wp\/v2\/pages\/350\/revisions\/805"}],"wp:attachment":[{"href":"https:\/\/foodmultimedia.de\/de\/wp-json\/wp\/v2\/media?parent=350"}],"curies":[{"name":"wp","href":"https:\/\/api.w.org\/{rel}","templated":true}]}}