{"id":368,"date":"2021-12-21T09:05:33","date_gmt":"2021-12-21T08:05:33","guid":{"rendered":"http:\/\/foodmultimedia.de.w01be7de.kasserver.com\/media-daten\/"},"modified":"2025-09-18T08:12:18","modified_gmt":"2025-09-18T06:12:18","slug":"media-daten","status":"publish","type":"page","link":"https:\/\/foodmultimedia.de\/de\/media-daten\/","title":{"rendered":"Media Daten"},"content":{"rendered":"\t\t<div data-elementor-type=\"wp-page\" data-elementor-id=\"368\" class=\"elementor elementor-368 elementor-35\" data-elementor-post-type=\"page\">\n\t\t\t\t\t\t<section class=\"elementor-section elementor-top-section elementor-element elementor-element-79924a2 elementor-section-boxed elementor-section-height-default elementor-section-height-default\" data-id=\"79924a2\" data-element_type=\"section\" data-e-type=\"section\">\r\n\t\t\t\t\t\t<div class=\"elementor-container elementor-column-gap-thegem\"><div class=\"elementor-row\">\r\n\t\t\t\t\t<div class=\"elementor-column elementor-col-100 elementor-top-column elementor-element elementor-element-851cf44\" data-id=\"851cf44\" data-element_type=\"column\" data-e-type=\"column\">\n\t\t\t<div class=\"elementor-widget-wrap elementor-element-populated\">\n\t\t\t\t\t\t<section class=\"elementor-section elementor-inner-section elementor-element elementor-element-1e0cb82 elementor-section-boxed elementor-section-height-default elementor-section-height-default\" data-id=\"1e0cb82\" data-element_type=\"section\" data-e-type=\"section\">\r\n\t\t\t\t\t\t<div class=\"elementor-container elementor-column-gap-thegem\"><div class=\"elementor-row\">\r\n\t\t\t\t\t<div class=\"elementor-column elementor-col-50 elementor-inner-column elementor-element elementor-element-b7b2beb\" data-id=\"b7b2beb\" data-element_type=\"column\" data-e-type=\"column\">\n\t\t\t<div class=\"elementor-widget-wrap elementor-element-populated\">\n\t\t\t\t\t\t<div class=\"elementor-element elementor-element-eee1719 flex-horizontal-align-default flex-horizontal-align-tablet-default flex-horizontal-align-mobile-default flex-vertical-align-default flex-vertical-align-tablet-default flex-vertical-align-mobile-default elementor-widget elementor-widget-heading\" data-id=\"eee1719\" data-element_type=\"widget\" data-e-type=\"widget\" data-widget_type=\"heading.default\">\n\t\t\t\t<div class=\"elementor-widget-container\">\n\t\t\t\t\t<h2 class=\"elementor-heading-title elementor-size-default\">f2m mediakit<\/h2>\t\t\t\t<\/div>\n\t\t\t\t<\/div>\n\t\t\t\t<div class=\"elementor-element elementor-element-a647d4e flex-horizontal-align-default flex-horizontal-align-tablet-default flex-horizontal-align-mobile-default flex-vertical-align-default flex-vertical-align-tablet-default flex-vertical-align-mobile-default elementor-widget elementor-widget-text-editor\" data-id=\"a647d4e\" data-element_type=\"widget\" data-e-type=\"widget\" data-widget_type=\"text-editor.default\">\n\t\t\t\t<div class=\"elementor-widget-container\">\n\t\t\t\t\t\t\t\t\t\t\t\t<div class=\"elementor-text-editor elementor-clearfix\">\r\n\t\t\t\t\t\t<h5><b>2026 Planung<\/b><\/h5><p><b>brot+backwaren<\/b> \u2013 ist das offizielle Organ des Verbandes der Deutschen Gro\u00dfb\u00e4ckereien und erscheint sechsmal j\u00e4hrlich in Deutschland, \u00d6sterreich und der Schweiz.<br \/><b>backspiegel<\/b> \u2013 w\u00f6chentlicher newsletter jeden Freitag per E-Mail versendet<br \/><b>baking+biscuit international<\/b> \u2013 Das englischsprachige Magazin fu\u0308r Europa und die internationale Leserschaft, erscheint 6x j\u00e4hrlich<br \/><b>bakerymirror<\/b> \u2013 Newsletter, der alle zwei Wochen mit internationalen Updates per E-Mail verschickt wird<br \/><b>Websites: <\/b><a href=\"http:\/\/www.bakingbiscuit.com\" target=\"_blank\" rel=\"noopener\">www.bakingbiscuit.com<\/a>, <a href=\"http:\/\/www.brotundbackwaren.de\" target=\"_blank\" rel=\"noopener\">www.brotundbackwaren.de<\/a>, <a href=\"http:\/\/www.foodmultimedia.de\" target=\"_blank\" rel=\"noopener\">www.foodmultimedia.de<\/a><\/p>\t\t\t\t\t\t\t<\/div>\r\n\t\t\t\t\t\t\t\t\t\t<\/div>\n\t\t\t\t<\/div>\n\t\t\t\t\t<\/div>\n\t\t<\/div>\n\t\t\t\t<div class=\"elementor-column elementor-col-50 elementor-inner-column elementor-element elementor-element-a724c21\" data-id=\"a724c21\" data-element_type=\"column\" data-e-type=\"column\">\n\t\t\t<div class=\"elementor-widget-wrap elementor-element-populated\">\n\t\t\t\t\t\t<div class=\"elementor-element elementor-element-7f1a86b flex-horizontal-align-default flex-horizontal-align-tablet-default flex-horizontal-align-mobile-default flex-vertical-align-default flex-vertical-align-tablet-default flex-vertical-align-mobile-default elementor-widget elementor-widget-image\" data-id=\"7f1a86b\" data-element_type=\"widget\" data-e-type=\"widget\" data-widget_type=\"image.default\">\n\t\t\t\t<div class=\"elementor-widget-container\">\n\t\t\t\t\t\t\t\t\t\t\t\t\t\t\t\t<a href=\"https:\/\/foodmultimedia.de\/wp-content\/uploads\/f2m-Mediadata-2026-de.pdf\" target=\"_blank\">\n\t\t\t\t\t\t\t<img width=\"211\" height=\"300\" src=\"https:\/\/foodmultimedia.de\/wp-content\/uploads\/f2m-Mediadata-2026-Cover-211x300.jpg\" class=\"attachment-medium size-medium wp-image-849\" alt=\"\" srcset=\"https:\/\/foodmultimedia.de\/wp-content\/uploads\/f2m-Mediadata-2026-Cover-211x300.jpg 211w, https:\/\/foodmultimedia.de\/wp-content\/uploads\/f2m-Mediadata-2026-Cover-722x1024.jpg 722w, https:\/\/foodmultimedia.de\/wp-content\/uploads\/f2m-Mediadata-2026-Cover-768x1090.jpg 768w, https:\/\/foodmultimedia.de\/wp-content\/uploads\/f2m-Mediadata-2026-Cover.jpg 874w\" sizes=\"(max-width: 211px) 100vw, 211px\" \/>\t\t\t\t\t\t\t\t<\/a>\n\t\t\t\t\t\t\t\t\t\t\t\t\t\t\t<\/div>\n\t\t\t\t<\/div>\n\t\t\t\t\t<\/div>\n\t\t<\/div>\n\t\t\t\t\t<\/div><\/div>\r\n\t\t<\/section>\r\n\t\t\t\t\t<\/div>\n\t\t<\/div>\n\t\t\t\t\t<\/div><\/div>\r\n\t\t<\/section>\r\n\t\t\t\t<section class=\"elementor-section elementor-top-section elementor-element elementor-element-9aa0a1b elementor-section-boxed elementor-section-height-default elementor-section-height-default\" data-id=\"9aa0a1b\" data-element_type=\"section\" data-e-type=\"section\">\r\n\t\t\t\t\t\t<div class=\"elementor-container elementor-column-gap-thegem\"><div class=\"elementor-row\">\r\n\t\t\t\t\t<div class=\"elementor-column elementor-col-100 elementor-top-column elementor-element elementor-element-3cae27f\" data-id=\"3cae27f\" data-element_type=\"column\" data-e-type=\"column\">\n\t\t\t<div class=\"elementor-widget-wrap elementor-element-populated\">\n\t\t\t\t\t\t<div class=\"elementor-element elementor-element-41e32be elementor-widget-divider--view-line flex-horizontal-align-default flex-horizontal-align-tablet-default flex-horizontal-align-mobile-default flex-vertical-align-default flex-vertical-align-tablet-default flex-vertical-align-mobile-default elementor-widget elementor-widget-divider\" data-id=\"41e32be\" data-element_type=\"widget\" data-e-type=\"widget\" data-widget_type=\"divider.default\">\n\t\t\t\t<div class=\"elementor-widget-container\">\n\t\t\t\t\t\t\t<div class=\"elementor-divider\">\n\t\t\t<span class=\"elementor-divider-separator\">\n\t\t\t\t\t\t<\/span>\n\t\t<\/div>\n\t\t\t\t\t\t<\/div>\n\t\t\t\t<\/div>\n\t\t\t\t\t<\/div>\n\t\t<\/div>\n\t\t\t\t\t<\/div><\/div>\r\n\t\t<\/section>\r\n\t\t\t\t<section class=\"elementor-section elementor-top-section elementor-element elementor-element-03f956d elementor-section-boxed elementor-section-height-default elementor-section-height-default\" data-id=\"03f956d\" data-element_type=\"section\" data-e-type=\"section\">\r\n\t\t\t\t\t\t<div class=\"elementor-container elementor-column-gap-thegem\"><div class=\"elementor-row\">\r\n\t\t\t\t\t<div class=\"elementor-column elementor-col-100 elementor-top-column elementor-element elementor-element-c6f0df7\" data-id=\"c6f0df7\" data-element_type=\"column\" data-e-type=\"column\">\n\t\t\t<div class=\"elementor-widget-wrap elementor-element-populated\">\n\t\t\t\t\t\t<section class=\"elementor-section elementor-inner-section elementor-element elementor-element-31f6f7c elementor-section-boxed elementor-section-height-default elementor-section-height-default\" data-id=\"31f6f7c\" data-element_type=\"section\" data-e-type=\"section\">\r\n\t\t\t\t\t\t<div class=\"elementor-container elementor-column-gap-thegem\"><div class=\"elementor-row\">\r\n\t\t\t\t\t<div class=\"elementor-column elementor-col-50 elementor-inner-column elementor-element elementor-element-211bcd5\" data-id=\"211bcd5\" data-element_type=\"column\" data-e-type=\"column\">\n\t\t\t<div class=\"elementor-widget-wrap elementor-element-populated\">\n\t\t\t\t\t\t<div class=\"elementor-element elementor-element-ead7dbc flex-horizontal-align-default flex-horizontal-align-tablet-default flex-horizontal-align-mobile-default flex-vertical-align-default flex-vertical-align-tablet-default flex-vertical-align-mobile-default elementor-widget elementor-widget-heading\" data-id=\"ead7dbc\" data-element_type=\"widget\" data-e-type=\"widget\" data-widget_type=\"heading.default\">\n\t\t\t\t<div class=\"elementor-widget-container\">\n\t\t\t\t\t<h2 class=\"elementor-heading-title elementor-size-default\">Newsletter<\/h2>\t\t\t\t<\/div>\n\t\t\t\t<\/div>\n\t\t\t\t<div class=\"elementor-element elementor-element-6dd065c flex-horizontal-align-default flex-horizontal-align-tablet-default flex-horizontal-align-mobile-default flex-vertical-align-default flex-vertical-align-tablet-default flex-vertical-align-mobile-default elementor-widget elementor-widget-text-editor\" data-id=\"6dd065c\" data-element_type=\"widget\" data-e-type=\"widget\" data-widget_type=\"text-editor.default\">\n\t\t\t\t<div class=\"elementor-widget-container\">\n\t\t\t\t\t\t\t\t\t\t\t\t<div class=\"elementor-text-editor elementor-clearfix\">\r\n\t\t\t\t\t\t<p>Wir bieten Anzeigen in unseren Newslettern backspiegel und bakerymirror im folgenden Format an.<\/p>\n<p><b>Verlinkung zu Ihren Webseiten<\/b><br \/>Selbstverst\u00e4ndlich k\u00f6nnen wir Ihre Specials, Banner oder Werbebotschaften im Newsletter mit Ihren Webseiten verlinken. Unser Service geht noch weiter: Wir verlinken die in den Printmedien gebuchten Anzeigen in der digitalen E-Paper-Ausgabe mit Ihren Webseiten oder zus\u00e4tzlichen Informationen, die Sie uns zur Verf\u00fcgung stellen.<\/p>\n<p><b>Preis:<\/b> Ein einfacher Link ist kostenlos. Zus\u00e4tzliche Informationen, die eine redaktionelle und technische Bearbeitung erfordern, werden nach Aufwand in Rechnung gestellt.<\/p>\n<p><b>Preise f\u00fcr Anzeigen im Newsletter<\/b><br \/>1450 px x 498 px, 100 dpi JPG <br \/>1 Ver\u00f6ffentlichung 500 EUR<br \/>10 Ver\u00f6ffentlichungen 450 EUR<br \/>26 Ver\u00f6ffentlichungen 425 EUR <br \/>52 Ver\u00f6ffentlichungen 375 EUR<\/p>\n\t\t\t\t\t\t\t<\/div>\r\n\t\t\t\t\t\t\t\t\t\t<\/div>\n\t\t\t\t<\/div>\n\t\t\t\t\t<\/div>\n\t\t<\/div>\n\t\t\t\t<div class=\"elementor-column elementor-col-50 elementor-inner-column elementor-element elementor-element-cf6245a\" data-id=\"cf6245a\" data-element_type=\"column\" data-e-type=\"column\">\n\t\t\t<div class=\"elementor-widget-wrap elementor-element-populated\">\n\t\t\t\t\t\t<div class=\"elementor-element elementor-element-05bd788 flex-horizontal-align-default flex-horizontal-align-tablet-default flex-horizontal-align-mobile-default flex-vertical-align-default flex-vertical-align-tablet-default flex-vertical-align-mobile-default elementor-widget elementor-widget-image\" data-id=\"05bd788\" data-element_type=\"widget\" data-e-type=\"widget\" data-widget_type=\"image.default\">\n\t\t\t\t<div class=\"elementor-widget-container\">\n\t\t\t\t\t\t\t\t\t\t\t\t\t\t\t<img width=\"1024\" height=\"1024\" src=\"https:\/\/foodmultimedia.de\/wp-content\/uploads\/f2m-newsletter-1024x1024.jpg\" class=\"attachment-large size-large wp-image-285\" alt=\"\" srcset=\"https:\/\/foodmultimedia.de\/wp-content\/uploads\/f2m-newsletter-1024x1024.jpg 1024w, https:\/\/foodmultimedia.de\/wp-content\/uploads\/f2m-newsletter-300x300.jpg 300w, https:\/\/foodmultimedia.de\/wp-content\/uploads\/f2m-newsletter-150x150.jpg 150w, https:\/\/foodmultimedia.de\/wp-content\/uploads\/f2m-newsletter-768x768.jpg 768w, https:\/\/foodmultimedia.de\/wp-content\/uploads\/f2m-newsletter-1536x1536.jpg 1536w, https:\/\/foodmultimedia.de\/wp-content\/uploads\/f2m-newsletter-2048x2048.jpg 2048w, https:\/\/foodmultimedia.de\/wp-content\/uploads\/f2m-newsletter-256x256.jpg 256w\" sizes=\"(max-width: 1024px) 100vw, 1024px\" \/>\t\t\t\t\t\t\t\t\t\t\t\t\t\t\t<\/div>\n\t\t\t\t<\/div>\n\t\t\t\t\t<\/div>\n\t\t<\/div>\n\t\t\t\t\t<\/div><\/div>\r\n\t\t<\/section>\r\n\t\t\t\t\t<\/div>\n\t\t<\/div>\n\t\t\t\t\t<\/div><\/div>\r\n\t\t<\/section>\r\n\t\t\t\t<section class=\"elementor-section elementor-top-section elementor-element elementor-element-639f182 elementor-section-boxed elementor-section-height-default elementor-section-height-default\" data-id=\"639f182\" data-element_type=\"section\" data-e-type=\"section\">\r\n\t\t\t\t\t\t<div class=\"elementor-container elementor-column-gap-thegem\"><div class=\"elementor-row\">\r\n\t\t\t\t\t<div class=\"elementor-column elementor-col-100 elementor-top-column elementor-element elementor-element-36f8bb4\" data-id=\"36f8bb4\" data-element_type=\"column\" data-e-type=\"column\">\n\t\t\t<div class=\"elementor-widget-wrap elementor-element-populated\">\n\t\t\t\t\t\t<div class=\"elementor-element elementor-element-ea09a56 elementor-widget-divider--view-line flex-horizontal-align-default flex-horizontal-align-tablet-default flex-horizontal-align-mobile-default flex-vertical-align-default flex-vertical-align-tablet-default flex-vertical-align-mobile-default elementor-widget elementor-widget-divider\" data-id=\"ea09a56\" data-element_type=\"widget\" data-e-type=\"widget\" data-widget_type=\"divider.default\">\n\t\t\t\t<div class=\"elementor-widget-container\">\n\t\t\t\t\t\t\t<div class=\"elementor-divider\">\n\t\t\t<span class=\"elementor-divider-separator\">\n\t\t\t\t\t\t<\/span>\n\t\t<\/div>\n\t\t\t\t\t\t<\/div>\n\t\t\t\t<\/div>\n\t\t\t\t\t<\/div>\n\t\t<\/div>\n\t\t\t\t\t<\/div><\/div>\r\n\t\t<\/section>\r\n\t\t\t\t<section class=\"elementor-section elementor-top-section elementor-element elementor-element-52f5d8a elementor-section-boxed elementor-section-height-default elementor-section-height-default\" data-id=\"52f5d8a\" data-element_type=\"section\" data-e-type=\"section\">\r\n\t\t\t\t\t\t<div class=\"elementor-container elementor-column-gap-thegem\"><div class=\"elementor-row\">\r\n\t\t\t\t\t<div class=\"elementor-column elementor-col-100 elementor-top-column elementor-element elementor-element-1abf7c4\" data-id=\"1abf7c4\" data-element_type=\"column\" data-e-type=\"column\">\n\t\t\t<div class=\"elementor-widget-wrap elementor-element-populated\">\n\t\t\t\t\t\t<section class=\"elementor-section elementor-inner-section elementor-element elementor-element-7b4efb1 elementor-section-boxed elementor-section-height-default elementor-section-height-default\" data-id=\"7b4efb1\" data-element_type=\"section\" data-e-type=\"section\">\r\n\t\t\t\t\t\t<div class=\"elementor-container elementor-column-gap-thegem\"><div class=\"elementor-row\">\r\n\t\t\t\t\t<div class=\"elementor-column elementor-col-50 elementor-inner-column elementor-element elementor-element-44cca60\" data-id=\"44cca60\" data-element_type=\"column\" data-e-type=\"column\">\n\t\t\t<div class=\"elementor-widget-wrap elementor-element-populated\">\n\t\t\t\t\t\t<div class=\"elementor-element elementor-element-359e975 flex-horizontal-align-default flex-horizontal-align-tablet-default flex-horizontal-align-mobile-default flex-vertical-align-default flex-vertical-align-tablet-default flex-vertical-align-mobile-default elementor-widget elementor-widget-heading\" data-id=\"359e975\" data-element_type=\"widget\" data-e-type=\"widget\" data-widget_type=\"heading.default\">\n\t\t\t\t<div class=\"elementor-widget-container\">\n\t\t\t\t\t<h2 class=\"elementor-heading-title elementor-size-default\">Auf den Webseiten<\/h2>\t\t\t\t<\/div>\n\t\t\t\t<\/div>\n\t\t\t\t<div class=\"elementor-element elementor-element-cad1523 flex-horizontal-align-default flex-horizontal-align-tablet-default flex-horizontal-align-mobile-default flex-vertical-align-default flex-vertical-align-tablet-default flex-vertical-align-mobile-default elementor-widget elementor-widget-text-editor\" data-id=\"cad1523\" data-element_type=\"widget\" data-e-type=\"widget\" data-widget_type=\"text-editor.default\">\n\t\t\t\t<div class=\"elementor-widget-container\">\n\t\t\t\t\t\t\t\t\t\t\t\t<div class=\"elementor-text-editor elementor-clearfix\">\r\n\t\t\t\t\t\t<p>+ www.brotundbackwaren.de<br \/>+ www.bakingbiscuit.com <\/p>\n<p>Bei Mehrfachbuchungen auf einem einzigen Bannerplatz werden die Banner im Wechsel angezeigt.<\/p>\n<p>Sie k\u00f6nnen Banner in den folgenden Formaten und Positionen auf den folgenden Webseiten von f2m buchen:<br \/><a href=\"https:\/\/bakingbiscuit.com\/\" target=\"_blank\" rel=\"noopener\">+ www.bakingbiscuit.com<\/a><br \/><a href=\"https:\/\/www.brotundbackwaren.de\/objektprofil.html\" target=\"_blank\" rel=\"noopener\">+ www.brotundbackwaren.de<\/a><a href=\"https:\/\/www.foodmultimedia.de\/index-en.html\" target=\"_blank\" rel=\"noopener\"><br \/>+ www.foodmultimedia.de<\/a><\/p>\n<p>Das Webformat, die Positionierung, das Format und die Preise daf\u00fcr bleiben vier Wochen lang g\u00fcltig. Bei Mehrfachbuchungen auf einem einzigen Bannerplatz werden die Banner im Wechsel angezeigt.<\/p>\n<p>Bannerwerbung auf den Webseiten<br \/>Leaderboard (1.200 x 234 px): 1.200 EUR pro Monat<br \/>Standard (max. 1.200 x 154 px): 900 EUR pro Monat<br \/>Skyscraper (max. 200 x 600 px): 900 EUR pro Monat<br \/>1\/2 skyscraper (max. 200 x 300 px): 550 EUR pro Monat<\/p>\n\t\t\t\t\t\t\t<\/div>\r\n\t\t\t\t\t\t\t\t\t\t<\/div>\n\t\t\t\t<\/div>\n\t\t\t\t\t<\/div>\n\t\t<\/div>\n\t\t\t\t<div class=\"elementor-column elementor-col-50 elementor-inner-column elementor-element elementor-element-b6e04a7\" data-id=\"b6e04a7\" data-element_type=\"column\" data-e-type=\"column\">\n\t\t\t<div class=\"elementor-widget-wrap elementor-element-populated\">\n\t\t\t\t\t\t<div class=\"elementor-element elementor-element-f8e7a04 flex-horizontal-align-default flex-horizontal-align-tablet-default flex-horizontal-align-mobile-default flex-vertical-align-default flex-vertical-align-tablet-default flex-vertical-align-mobile-default elementor-widget elementor-widget-image\" data-id=\"f8e7a04\" data-element_type=\"widget\" data-e-type=\"widget\" data-widget_type=\"image.default\">\n\t\t\t\t<div class=\"elementor-widget-container\">\n\t\t\t\t\t\t\t\t\t\t\t\t\t\t\t<img width=\"1024\" height=\"542\" src=\"https:\/\/foodmultimedia.de\/wp-content\/uploads\/f2m-website-ad-1-1024x542.jpg\" class=\"attachment-large size-large wp-image-543\" alt=\"f2m-website-ads\" srcset=\"https:\/\/foodmultimedia.de\/wp-content\/uploads\/f2m-website-ad-1-1024x542.jpg 1024w, https:\/\/foodmultimedia.de\/wp-content\/uploads\/f2m-website-ad-1-300x159.jpg 300w, https:\/\/foodmultimedia.de\/wp-content\/uploads\/f2m-website-ad-1-768x407.jpg 768w, https:\/\/foodmultimedia.de\/wp-content\/uploads\/f2m-website-ad-1-1536x813.jpg 1536w, https:\/\/foodmultimedia.de\/wp-content\/uploads\/f2m-website-ad-1-2048x1084.jpg 2048w\" sizes=\"(max-width: 1024px) 100vw, 1024px\" \/>\t\t\t\t\t\t\t\t\t\t\t\t\t\t\t<\/div>\n\t\t\t\t<\/div>\n\t\t\t\t\t<\/div>\n\t\t<\/div>\n\t\t\t\t\t<\/div><\/div>\r\n\t\t<\/section>\r\n\t\t\t\t\t<\/div>\n\t\t<\/div>\n\t\t\t\t\t<\/div><\/div>\r\n\t\t<\/section>\r\n\t\t\t\t<section class=\"elementor-section elementor-top-section elementor-element elementor-element-b2b01a3 elementor-section-boxed elementor-section-height-default elementor-section-height-default\" data-id=\"b2b01a3\" data-element_type=\"section\" data-e-type=\"section\">\r\n\t\t\t\t\t\t<div class=\"elementor-container elementor-column-gap-thegem\"><div class=\"elementor-row\">\r\n\t\t\t\t\t<div class=\"elementor-column elementor-col-100 elementor-top-column elementor-element elementor-element-bb4e7d6\" data-id=\"bb4e7d6\" data-element_type=\"column\" data-e-type=\"column\">\n\t\t\t<div class=\"elementor-widget-wrap elementor-element-populated\">\n\t\t\t\t\t\t<div class=\"elementor-element elementor-element-6e775e7 flex-horizontal-align-default flex-horizontal-align-tablet-default flex-horizontal-align-mobile-default flex-vertical-align-default flex-vertical-align-tablet-default flex-vertical-align-mobile-default elementor-widget elementor-widget-spacer\" data-id=\"6e775e7\" data-element_type=\"widget\" data-e-type=\"widget\" data-widget_type=\"spacer.default\">\n\t\t\t\t<div class=\"elementor-widget-container\">\n\t\t\t\t\t\t\t<div class=\"elementor-spacer\">\n\t\t\t<div class=\"elementor-spacer-inner\"><\/div>\n\t\t<\/div>\n\t\t\t\t\t\t<\/div>\n\t\t\t\t<\/div>\n\t\t\t\t\t<\/div>\n\t\t<\/div>\n\t\t\t\t\t<\/div><\/div>\r\n\t\t<\/section>\r\n\t\t\t\t<\/div>\n\t\t","protected":false},"excerpt":{"rendered":"<p>f2m mediakit 2026 Planung brot+backwaren \u2013 ist das offizielle Organ des Verbandes der Deutschen Gro\u00dfb\u00e4ckereien und erscheint sechsmal j\u00e4hrlich in&#8230;<\/p>\n","protected":false},"author":2,"featured_media":0,"parent":0,"menu_order":0,"comment_status":"closed","ping_status":"closed","template":"page-fullwidth.php","meta":{"footnotes":""},"class_list":["post-368","page","type-page","status-publish"],"_links":{"self":[{"href":"https:\/\/foodmultimedia.de\/de\/wp-json\/wp\/v2\/pages\/368","targetHints":{"allow":["GET"]}}],"collection":[{"href":"https:\/\/foodmultimedia.de\/de\/wp-json\/wp\/v2\/pages"}],"about":[{"href":"https:\/\/foodmultimedia.de\/de\/wp-json\/wp\/v2\/types\/page"}],"author":[{"embeddable":true,"href":"https:\/\/foodmultimedia.de\/de\/wp-json\/wp\/v2\/users\/2"}],"replies":[{"embeddable":true,"href":"https:\/\/foodmultimedia.de\/de\/wp-json\/wp\/v2\/comments?post=368"}],"version-history":[{"count":15,"href":"https:\/\/foodmultimedia.de\/de\/wp-json\/wp\/v2\/pages\/368\/revisions"}],"predecessor-version":[{"id":859,"href":"https:\/\/foodmultimedia.de\/de\/wp-json\/wp\/v2\/pages\/368\/revisions\/859"}],"wp:attachment":[{"href":"https:\/\/foodmultimedia.de\/de\/wp-json\/wp\/v2\/media?parent=368"}],"curies":[{"name":"wp","href":"https:\/\/api.w.org\/{rel}","templated":true}]}}